{"id":1073,"date":"2024-09-24T09:52:26","date_gmt":"2024-09-24T09:52:26","guid":{"rendered":"https:\/\/hypnothys.fr\/?page_id=1073"},"modified":"2024-11-28T10:56:14","modified_gmt":"2024-11-28T10:56:14","slug":"la-respiration","status":"publish","type":"page","link":"https:\/\/hypnothys.fr\/?page_id=1073","title":{"rendered":"La respiration"},"content":{"rendered":"\t\t<div data-elementor-type=\"wp-page\" data-elementor-id=\"1073\" class=\"elementor elementor-1073\">\n\t\t\t\t<div class=\"elementor-element elementor-element-724fed3 e-flex e-con-boxed e-con e-parent\" data-id=\"724fed3\" data-element_type=\"container\" data-e-type=\"container\" data-settings=\"{&quot;background_background&quot;:&quot;classic&quot;}\">\n\t\t\t\t\t<div class=\"e-con-inner\">\n\t\t\t\t<div class=\"elementor-element elementor-element-52ba598 elementor-invisible elementor-widget elementor-widget-heading\" data-id=\"52ba598\" data-element_type=\"widget\" data-e-type=\"widget\" data-settings=\"{&quot;_animation&quot;:&quot;fadeIn&quot;}\" data-widget_type=\"heading.default\">\n\t\t\t\t<div class=\"elementor-widget-container\">\n\t\t\t\t\t<h2 class=\"elementor-heading-title elementor-size-default\">La respiration \/ La coh\u00e9rence cardiaque<\/h2>\t\t\t\t<\/div>\n\t\t\t\t<\/div>\n\t\t\t\t\t<\/div>\n\t\t\t\t<\/div>\n\t\t<div class=\"elementor-element elementor-element-c1fd32a e-flex e-con-boxed e-con e-parent\" data-id=\"c1fd32a\" data-element_type=\"container\" data-e-type=\"container\" data-settings=\"{&quot;background_background&quot;:&quot;classic&quot;}\">\n\t\t\t\t\t<div class=\"e-con-inner\">\n\t\t<div class=\"elementor-element elementor-element-fd766ff e-con-full e-flex e-con e-child\" data-id=\"fd766ff\" data-element_type=\"container\" data-e-type=\"container\">\n\t\t\t\t<div class=\"elementor-element elementor-element-1006385 elementor-widget-mobile__width-initial elementor-invisible elementor-widget elementor-widget-image\" data-id=\"1006385\" data-element_type=\"widget\" data-e-type=\"widget\" data-settings=\"{&quot;_animation&quot;:&quot;fadeInLeft&quot;}\" data-widget_type=\"image.default\">\n\t\t\t\t<div class=\"elementor-widget-container\">\n\t\t\t\t\t\t\t\t\t\t\t\t\t\t\t<img fetchpriority=\"high\" decoding=\"async\" width=\"683\" height=\"1024\" src=\"https:\/\/hypnothys.fr\/wp-content\/uploads\/2024\/10\/pexels-photo-9032696-683x1024.jpeg\" class=\"attachment-large size-large wp-image-1786\" alt=\"\" srcset=\"https:\/\/hypnothys.fr\/wp-content\/uploads\/2024\/10\/pexels-photo-9032696-683x1024.jpeg 683w, https:\/\/hypnothys.fr\/wp-content\/uploads\/2024\/10\/pexels-photo-9032696-200x300.jpeg 200w, https:\/\/hypnothys.fr\/wp-content\/uploads\/2024\/10\/pexels-photo-9032696-768x1152.jpeg 768w, https:\/\/hypnothys.fr\/wp-content\/uploads\/2024\/10\/pexels-photo-9032696-1024x1536.jpeg 1024w, https:\/\/hypnothys.fr\/wp-content\/uploads\/2024\/10\/pexels-photo-9032696.jpeg 1200w\" sizes=\"(max-width: 683px) 100vw, 683px\" \/>\t\t\t\t\t\t\t\t\t\t\t\t\t\t\t<\/div>\n\t\t\t\t<\/div>\n\t\t\t\t<\/div>\n\t\t<div class=\"elementor-element elementor-element-f333803 e-con-full e-flex elementor-invisible e-con e-child\" data-id=\"f333803\" data-element_type=\"container\" data-e-type=\"container\" data-settings=\"{&quot;animation&quot;:&quot;fadeInRight&quot;}\">\n\t\t\t\t<div class=\"elementor-element elementor-element-5f64137 elementor-widget elementor-widget-text-editor\" data-id=\"5f64137\" data-element_type=\"widget\" data-e-type=\"widget\" data-widget_type=\"text-editor.default\">\n\t\t\t\t<div class=\"elementor-widget-container\">\n\t\t\t\t\t\t\t\t\t<p><strong>La coh\u00e9rence cardiaque : un voyage vers le bien-\u00eatre<\/strong><\/p><p>La respiration est un acte que nous faisons sans y penser, mais lorsqu&rsquo;elle est pratiqu\u00e9e en pleine conscience, elle devient un outil puissant pour apaiser le corps et l&rsquo;esprit (elle se pratique 3 fois par jour, 6 respirations par minute pendant 5 minutes). \u00ab La respiration bougie \u00bb est une m\u00e9thode simple et efficace, qui trouve ses racines dans les pratiques ancestrales de m\u00e9ditation et qui est aujourd&rsquo;hui valid\u00e9e par les neurosciences.<\/p><p><strong>Qu&rsquo;est-ce que la respiration bougie ?<\/strong><\/p><p>Imaginez que vous soufflez doucement sur une flamme sans l\u2019\u00e9teindre. C&rsquo;est ainsi que fonctionne \u00ab la respiration bougie \u00bb : une inspiration douce et profonde par le nez, suivi d&rsquo;une expiration lente et contr\u00f4l\u00e9e par la bouche, comme si vous souffliez sur une bougie. Cette technique permet de ralentir le rythme cardiaque, d&rsquo;apaiser le syst\u00e8me nerveux et de ramener notre attention au moment pr\u00e9sent.<\/p><p><strong>Les bienfaits pour le corps et l&rsquo;esprit<\/strong><\/p><p>Sur le plan physique, la m\u00e9thode de respiration (coh\u00e9rence cardiaque) agit directement sur le syst\u00e8me nerveux parasympathique, responsable de la d\u00e9tente et de la r\u00e9cup\u00e9ration. Elle r\u00e9duit les tensions musculaires, r\u00e9gule la pression sanguine et diminue le taux de cortisol (hormone du stress) dans le sang. Au niveau \u00e9motionnel, cette respiration consciente aide \u00e0 lib\u00e9rer les \u00e9motions bloqu\u00e9es. Par exemple, lorsque nous sommes stress\u00e9s ou anxieux, notre respiration devient souvent courte et haletante. La respiration bougie inverse ce processus, en apportant tr\u00e8s rapidement calme et clart\u00e9. Elle permet ainsi de mieux g\u00e9rer les \u00e9motions et de revenir \u00e0 un \u00e9tat d&rsquo;\u00e9quilibre.<\/p>\t\t\t\t\t\t\t\t<\/div>\n\t\t\t\t<\/div>\n\t\t\t\t<\/div>\n\t\t\t\t\t<\/div>\n\t\t\t\t<\/div>\n\t\t<div class=\"elementor-element elementor-element-999b2a5 e-flex e-con-boxed e-con e-parent\" data-id=\"999b2a5\" data-element_type=\"container\" data-e-type=\"container\" data-settings=\"{&quot;background_background&quot;:&quot;classic&quot;}\">\n\t\t\t\t\t<div class=\"e-con-inner\">\n\t\t<div class=\"elementor-element elementor-element-5060d24 e-con-full e-flex elementor-invisible e-con e-child\" data-id=\"5060d24\" data-element_type=\"container\" data-e-type=\"container\" data-settings=\"{&quot;animation&quot;:&quot;fadeInRight&quot;}\">\n\t\t\t\t<div class=\"elementor-element elementor-element-46ff991 elementor-widget-mobile__width-initial elementor-invisible elementor-widget elementor-widget-image\" data-id=\"46ff991\" data-element_type=\"widget\" data-e-type=\"widget\" data-settings=\"{&quot;_animation&quot;:&quot;fadeInLeft&quot;}\" data-widget_type=\"image.default\">\n\t\t\t\t<div class=\"elementor-widget-container\">\n\t\t\t\t\t\t\t\t\t\t\t\t\t\t\t<img decoding=\"async\" width=\"681\" height=\"1024\" src=\"https:\/\/hypnothys.fr\/wp-content\/uploads\/2024\/09\/pexels-zetong-li-880728-1784577-681x1024.jpg\" class=\"attachment-large size-large wp-image-1341\" alt=\"\" srcset=\"https:\/\/hypnothys.fr\/wp-content\/uploads\/2024\/09\/pexels-zetong-li-880728-1784577-681x1024.jpg 681w, https:\/\/hypnothys.fr\/wp-content\/uploads\/2024\/09\/pexels-zetong-li-880728-1784577-200x300.jpg 200w, https:\/\/hypnothys.fr\/wp-content\/uploads\/2024\/09\/pexels-zetong-li-880728-1784577-768x1154.jpg 768w, https:\/\/hypnothys.fr\/wp-content\/uploads\/2024\/09\/pexels-zetong-li-880728-1784577-1022x1536.jpg 1022w, https:\/\/hypnothys.fr\/wp-content\/uploads\/2024\/09\/pexels-zetong-li-880728-1784577-1363x2048.jpg 1363w, https:\/\/hypnothys.fr\/wp-content\/uploads\/2024\/09\/pexels-zetong-li-880728-1784577-scaled.jpg 1703w\" sizes=\"(max-width: 681px) 100vw, 681px\" \/>\t\t\t\t\t\t\t\t\t\t\t\t\t\t\t<\/div>\n\t\t\t\t<\/div>\n\t\t\t\t<\/div>\n\t\t<div class=\"elementor-element elementor-element-30cd944 e-con-full e-flex elementor-invisible e-con e-child\" data-id=\"30cd944\" data-element_type=\"container\" data-e-type=\"container\" data-settings=\"{&quot;animation&quot;:&quot;fadeInRight&quot;}\">\n\t\t\t\t<div class=\"elementor-element elementor-element-35b5048 elementor-invisible elementor-widget elementor-widget-text-editor\" data-id=\"35b5048\" data-element_type=\"widget\" data-e-type=\"widget\" data-settings=\"{&quot;_animation_delay&quot;:200,&quot;_animation&quot;:&quot;fadeInLeft&quot;}\" data-widget_type=\"text-editor.default\">\n\t\t\t\t<div class=\"elementor-widget-container\">\n\t\t\t\t\t\t\t\t\t<p><strong>Compl\u00e9mentarit\u00e9 avec l&rsquo;hypnose et l\u2019EFT<\/strong><\/p><p>En hypnoth\u00e9rapie, la respiration joue un r\u00f4le fondamental pour induire un \u00e9tat de relaxation profond et serein. La respiration est un excellent outil pour favoriser la d\u00e9tente et l&rsquo;ouverture \u00e0 l&rsquo;hypnose. Elle permet d&rsquo;ancrer la<br \/>personne dans l&rsquo;instant pr\u00e9sent et de pr\u00e9parer le terrain pour un travail th\u00e9rapeutique plus profond. Associ\u00e9e \u00e0 l\u2019EFT (Emotional Freedom techniques), \u00ab la respiration bougie \u00bb peut aider \u00e0 accentuer la lib\u00e9ration \u00e9motionnelle . En combinant des tapotements l\u00e9gers sur les points d&rsquo;\u00e9nergie du corps avec cette respiration lente et ma\u00eetris\u00e9e, on cr\u00e9e une synergie qui favorise une plus grande circulation de l&rsquo;\u00e9nergie et une meilleure gestion des \u00e9motions.<\/p><p><strong>Le point de vue des neurosciences<\/strong><\/p><p>Les neurosciences confirment ce que les traditions anciennes savaient intuitivement : la respiration consciente modifie notre cerveau. Des \u00e9tudes montrent que pratiquer r\u00e9guli\u00e8rement des exercices comme la respiration bougie augmente l&rsquo;activit\u00e9 de certaines zones du cerveau, comme le cortex pr\u00e9frontal, li\u00e9es \u00e0 la r\u00e9gulation des \u00e9motions et \u00e0 la prise de d\u00e9cision. Elle renforce \u00e9galement la connexion entre le corps et l&rsquo;esprit, contribuant \u00e0 une meilleure gestion du stress et \u00e0 une plus grande r\u00e9silience \u00e9motionnelle. En favorisant une respiration plus profonde et plus consciente, on augmente aussi l&rsquo;apport en oxyg\u00e8ne dans le corps, ce qui am\u00e9liore la concentration et la clart\u00e9 mentale. Il s&rsquo;agit d&rsquo;un v\u00e9ritable cercle vertueux : plus on pratique la respiration de pleine conscience, plus le corps et l&rsquo;esprit se d\u00e9tendent et s&rsquo;harmonisent.<\/p><p><strong>Une technique pour tous<\/strong><\/p><p>Que vous cherchiez \u00e0 r\u00e9duire le stress quotidien, \u00e0 apaiser vos \u00e9motions ou \u00e0 mieux vous reconnecter \u00e0 votre corps, la coh\u00e9rence cardiaque (ou respiration de pleine conscience) est une technique accessible \u00e0 tous. Elle ne n\u00e9cessite aucun mat\u00e9riel et peut \u00eatre pratiqu\u00e9e n&rsquo;importe o\u00f9, \u00e0 tout moment. Son caract\u00e8re holistique permet d&rsquo;harmoniser le corps et l&rsquo;esprit, en agissant \u00e0 la fois sur la psychologie et les \u00e9motions.<br \/>En l\u2019int\u00e9grant \u00e0 des pratiques comme l\u2019hypnose et l\u2019EFT, cette technique de respiration devient un v\u00e9ritable catalyseur de bien-\u00eatre, vous accompagnant dans la transformation int\u00e9rieure et l&rsquo;apaisement \u00e9motionnel.<\/p>\t\t\t\t\t\t\t\t<\/div>\n\t\t\t\t<\/div>\n\t\t\t\t<\/div>\n\t\t\t\t\t<\/div>\n\t\t\t\t<\/div>\n\t\t\t\t<\/div>\n\t\t","protected":false},"excerpt":{"rendered":"<p>La respiration \/ La coh\u00e9rence cardiaque La coh\u00e9rence cardiaque : un voyage vers le bien-\u00eatre La respiration est un acte que nous faisons sans y penser, mais lorsqu&rsquo;elle est pratiqu\u00e9e en pleine conscience, elle devient un outil puissant pour apaiser le corps et l&rsquo;esprit (elle se pratique 3 fois par jour, 6 respirations par minute [&hellip;]<\/p>\n","protected":false},"author":1,"featured_media":0,"parent":0,"menu_order":0,"comment_status":"closed","ping_status":"closed","template":"elementor_header_footer","meta":{"_monsterinsights_skip_tracking":false,"_monsterinsights_sitenote_active":false,"_monsterinsights_sitenote_note":"","_monsterinsights_sitenote_category":0,"footnotes":""},"class_list":["post-1073","page","type-page","status-publish","hentry"],"blocksy_meta":[],"_links":{"self":[{"href":"https:\/\/hypnothys.fr\/index.php?rest_route=\/wp\/v2\/pages\/1073","targetHints":{"allow":["GET"]}}],"collection":[{"href":"https:\/\/hypnothys.fr\/index.php?rest_route=\/wp\/v2\/pages"}],"about":[{"href":"https:\/\/hypnothys.fr\/index.php?rest_route=\/wp\/v2\/types\/page"}],"author":[{"embeddable":true,"href":"https:\/\/hypnothys.fr\/index.php?rest_route=\/wp\/v2\/users\/1"}],"replies":[{"embeddable":true,"href":"https:\/\/hypnothys.fr\/index.php?rest_route=%2Fwp%2Fv2%2Fcomments&post=1073"}],"version-history":[{"count":37,"href":"https:\/\/hypnothys.fr\/index.php?rest_route=\/wp\/v2\/pages\/1073\/revisions"}],"predecessor-version":[{"id":1792,"href":"https:\/\/hypnothys.fr\/index.php?rest_route=\/wp\/v2\/pages\/1073\/revisions\/1792"}],"wp:attachment":[{"href":"https:\/\/hypnothys.fr\/index.php?rest_route=%2Fwp%2Fv2%2Fmedia&parent=1073"}],"curies":[{"name":"wp","href":"https:\/\/api.w.org\/{rel}","templated":true}]}}